{"id":31,"date":"2024-03-09T09:48:47","date_gmt":"2024-03-09T12:48:47","guid":{"rendered":"http:\/\/hbsports.com.br\/?page_id=31"},"modified":"2025-01-02T17:06:36","modified_gmt":"2025-01-02T20:06:36","slug":"produtos","status":"publish","type":"page","link":"https:\/\/hbsports.com.br\/?page_id=31","title":{"rendered":""},"content":{"rendered":"<!-- Erro, o An\u00fancio n\u00e3o est\u00e1 dispon\u00edvel neste momento devido \u00e0s restri\u00e7\u00f5es de agendamento\/geolocaliza\u00e7\u00e3o! -->\n\n\n<div style=\"height:40px\" aria-hidden=\"true\" class=\"wp-block-spacer\"><\/div>\n\n\n\n<hr class=\"wp-block-separator has-text-color has-luminous-vivid-orange-color has-alpha-channel-opacity has-luminous-vivid-orange-background-color has-background is-style-wide\"\/>\n\n\n\n<div class=\"wp-block-media-text is-stacked-on-mobile\"><figure class=\"wp-block-media-text__media\"><img loading=\"lazy\" decoding=\"async\" width=\"768\" height=\"1024\" src=\"http:\/\/hbsports.com.br\/wp-content\/uploads\/2024\/03\/WhatsApp-Image-2024-03-15-at-10.10.58-2-768x1024.jpeg\" alt=\"\" class=\"wp-image-40 size-full\" srcset=\"https:\/\/hbsports.com.br\/wp-content\/uploads\/2024\/03\/WhatsApp-Image-2024-03-15-at-10.10.58-2-768x1024.jpeg 768w, https:\/\/hbsports.com.br\/wp-content\/uploads\/2024\/03\/WhatsApp-Image-2024-03-15-at-10.10.58-2-225x300.jpeg 225w, https:\/\/hbsports.com.br\/wp-content\/uploads\/2024\/03\/WhatsApp-Image-2024-03-15-at-10.10.58-2-1152x1536.jpeg 1152w, https:\/\/hbsports.com.br\/wp-content\/uploads\/2024\/03\/WhatsApp-Image-2024-03-15-at-10.10.58-2.jpeg 1200w\" sizes=\"auto, (max-width: 768px) 100vw, 768px\" \/><\/figure><div class=\"wp-block-media-text__content\">\n<p><strong><em>HB Sports<\/em><\/strong>, Fundada em 2016, nossa academia nasceu com o prop\u00f3sito de transformar vidas por meio da pr\u00e1tica de atividades f\u00edsicas, promovendo sa\u00fade e bem-estar para toda a comunidade. Oferecemos uma ampla variedade de modalidades, incluindo lutas, dan\u00e7as e muscula\u00e7\u00e3o, para atender a diferentes objetivos e perfis.<\/p>\n\n\n\n<p>Nosso compromisso vai al\u00e9m da pr\u00e1tica esportiva: buscamos criar um ambiente acolhedor e motivador, onde cada aluno se sinta inspirado a alcan\u00e7ar seu melhor. Aqui, a atividade f\u00edsica se torna uma ferramenta de qualidade de vida, equil\u00edbrio e felicidade. Venha fazer parte dessa jornada com a gente!<\/p>\n<\/div><\/div>\n\n\n<div class=\"wp-block-image\">\n<figure class=\"alignright size-full is-resized\"><a href=\"http:\/\/hbsports.com.br\"><img loading=\"lazy\" decoding=\"async\" width=\"512\" height=\"512\" src=\"http:\/\/hbsports.com.br\/wp-content\/uploads\/2024\/12\/5698153.png\" alt=\"\" class=\"wp-image-289\" style=\"width:53px;height:auto\" srcset=\"https:\/\/hbsports.com.br\/wp-content\/uploads\/2024\/12\/5698153.png 512w, https:\/\/hbsports.com.br\/wp-content\/uploads\/2024\/12\/5698153-300x300.png 300w, https:\/\/hbsports.com.br\/wp-content\/uploads\/2024\/12\/5698153-150x150.png 150w\" sizes=\"auto, (max-width: 512px) 100vw, 512px\" \/><\/a><\/figure>\n<\/div>","protected":false},"excerpt":{"rendered":"<p>HB Sports, Fundada em 2016, nossa academia nasceu com o prop\u00f3sito de transformar vidas por meio da pr\u00e1tica de atividades f\u00edsicas, promovendo sa\u00fade e bem-estar para toda a comunidade. Oferecemos uma ampla variedade de modalidades, incluindo lutas, dan\u00e7as e muscula\u00e7\u00e3o, para atender a diferentes objetivos e perfis. Nosso compromisso vai al\u00e9m da pr\u00e1tica esportiva: buscamos&hellip;<\/p>\n","protected":false},"author":1,"featured_media":0,"parent":0,"menu_order":0,"comment_status":"closed","ping_status":"closed","template":"","meta":{"_joinchat":[],"footnotes":""},"class_list":["post-31","page","type-page","status-publish","hentry"],"_links":{"self":[{"href":"https:\/\/hbsports.com.br\/index.php?rest_route=\/wp\/v2\/pages\/31","targetHints":{"allow":["GET"]}}],"collection":[{"href":"https:\/\/hbsports.com.br\/index.php?rest_route=\/wp\/v2\/pages"}],"about":[{"href":"https:\/\/hbsports.com.br\/index.php?rest_route=\/wp\/v2\/types\/page"}],"author":[{"embeddable":true,"href":"https:\/\/hbsports.com.br\/index.php?rest_route=\/wp\/v2\/users\/1"}],"replies":[{"embeddable":true,"href":"https:\/\/hbsports.com.br\/index.php?rest_route=%2Fwp%2Fv2%2Fcomments&post=31"}],"version-history":[{"count":11,"href":"https:\/\/hbsports.com.br\/index.php?rest_route=\/wp\/v2\/pages\/31\/revisions"}],"predecessor-version":[{"id":383,"href":"https:\/\/hbsports.com.br\/index.php?rest_route=\/wp\/v2\/pages\/31\/revisions\/383"}],"wp:attachment":[{"href":"https:\/\/hbsports.com.br\/index.php?rest_route=%2Fwp%2Fv2%2Fmedia&parent=31"}],"curies":[{"name":"wp","href":"https:\/\/api.w.org\/{rel}","templated":true}]}}