{"id":302,"date":"2024-12-03T11:49:04","date_gmt":"2024-12-03T14:49:04","guid":{"rendered":"http:\/\/hbsports.com.br\/?page_id=302"},"modified":"2025-01-02T17:07:08","modified_gmt":"2025-01-02T20:07:08","slug":"fale-conosco","status":"publish","type":"page","link":"https:\/\/hbsports.com.br\/?page_id=302","title":{"rendered":"Fale conosco"},"content":{"rendered":"<!-- Erro, o An\u00fancio n\u00e3o est\u00e1 dispon\u00edvel neste momento devido \u00e0s restri\u00e7\u00f5es de agendamento\/geolocaliza\u00e7\u00e3o! -->\n\n\n<div style=\"height:60px\" aria-hidden=\"true\" class=\"wp-block-spacer\"><\/div>\n\n\n\n<div class=\"wp-block-media-text is-stacked-on-mobile\" style=\"grid-template-columns:15% auto\"><figure class=\"wp-block-media-text__media\"><a href=\"https:\/\/api.whatsapp.com\/send?phone=5511996509082&amp;text=Ol\u00e1%2C+vi+voc\u00eas+no+instagram%2C+gostaria+de+saber+mais+sobre+\u00e0+academia\"><img loading=\"lazy\" decoding=\"async\" width=\"1020\" height=\"1024\" src=\"http:\/\/hbsports.com.br\/wp-content\/uploads\/2024\/12\/whatsapp-logo-1-1-1020x1024.png\" alt=\"\" class=\"wp-image-305 size-full\" srcset=\"https:\/\/hbsports.com.br\/wp-content\/uploads\/2024\/12\/whatsapp-logo-1-1-1020x1024.png 1020w, https:\/\/hbsports.com.br\/wp-content\/uploads\/2024\/12\/whatsapp-logo-1-1-300x300.png 300w, https:\/\/hbsports.com.br\/wp-content\/uploads\/2024\/12\/whatsapp-logo-1-1-150x150.png 150w, https:\/\/hbsports.com.br\/wp-content\/uploads\/2024\/12\/whatsapp-logo-1-1-768x771.png 768w, https:\/\/hbsports.com.br\/wp-content\/uploads\/2024\/12\/whatsapp-logo-1-1-1529x1536.png 1529w, https:\/\/hbsports.com.br\/wp-content\/uploads\/2024\/12\/whatsapp-logo-1-1-2039x2048.png 2039w\" sizes=\"auto, (max-width: 1020px) 100vw, 1020px\" \/><\/a><\/figure><div class=\"wp-block-media-text__content\">\n<h2 class=\"wp-block-heading\">\ud83d\udcf2&nbsp;<strong>Fale Conosco pelo WhatsApp!<\/strong><\/h2>\n\n\n\n<p>Quer saber mais sobre nossas modalidades, hor\u00e1rios ou promo\u00e7\u00f5es? Estamos prontos para atender voc\u00ea! Mande uma mensagem no WhatsApp e tire todas as suas d\u00favidas de forma r\u00e1pida e pr\u00e1tica.<\/p>\n<\/div><\/div>\n\n\n\n<hr class=\"wp-block-separator has-text-color has-luminous-vivid-orange-color has-alpha-channel-opacity has-luminous-vivid-orange-background-color has-background is-style-wide\"\/>\n\n\n\n<div class=\"wp-block-media-text has-media-on-the-right is-stacked-on-mobile\" style=\"grid-template-columns:auto 15%\"><div class=\"wp-block-media-text__content\">\n<h2 class=\"wp-block-heading\">\ud83d\udcde&nbsp;<strong>Entre em Contato com a HB Sports!<\/strong><\/h2>\n\n\n\n<p>Nossa equipe est\u00e1 pronta para ajudar voc\u00ea! Ligue para n\u00f3s e obtenha todas as informa\u00e7\u00f5es que precisa de forma r\u00e1pida e direta.<\/p>\n\n\n\n<p>\ud83d\udc49&nbsp;<strong>Telefone:<\/strong>&nbsp;(11) 99650-9082<\/p>\n\n\n\n<p>Na HB Sports, sua sa\u00fade e bem-estar come\u00e7am com uma liga\u00e7\u00e3o. Estamos aguardando voc\u00ea! \ud83d\udcf2<\/p>\n<\/div><figure class=\"wp-block-media-text__media\"><img loading=\"lazy\" decoding=\"async\" width=\"512\" height=\"512\" src=\"http:\/\/hbsports.com.br\/wp-content\/uploads\/2024\/12\/6242755.png\" alt=\"\" class=\"wp-image-310 size-full\" srcset=\"https:\/\/hbsports.com.br\/wp-content\/uploads\/2024\/12\/6242755.png 512w, https:\/\/hbsports.com.br\/wp-content\/uploads\/2024\/12\/6242755-300x300.png 300w, https:\/\/hbsports.com.br\/wp-content\/uploads\/2024\/12\/6242755-150x150.png 150w\" sizes=\"auto, (max-width: 512px) 100vw, 512px\" \/><\/figure><\/div>\n\n\n\n<hr class=\"wp-block-separator has-text-color has-luminous-vivid-orange-color has-alpha-channel-opacity has-luminous-vivid-orange-background-color has-background is-style-wide\"\/>\n\n\n\n<h2 class=\"wp-block-heading\">\u270d\ufe0f&nbsp;<strong>Prefere Outro Canal? Preencha Nosso Formul\u00e1rio!<\/strong><\/h2>\n\n\n\n<p>Se n\u00e3o quer usar o WhatsApp ou telefone, temos uma op\u00e7\u00e3o f\u00e1cil e pr\u00e1tica para voc\u00ea. Preencha nosso formul\u00e1rio de contato com suas d\u00favidas, sugest\u00f5es ou pedidos, e nossa equipe entrar\u00e1 em contato rapidamente!<\/p>\n\n\n\n<div class=\"wp-block-contact-form-7-contact-form-selector\">\n<div class=\"wpcf7 no-js\" id=\"wpcf7-f201-o1\" lang=\"pt-BR\" dir=\"ltr\" data-wpcf7-id=\"201\">\n<div class=\"screen-reader-response\"><p role=\"status\" aria-live=\"polite\" aria-atomic=\"true\"><\/p> <ul><\/ul><\/div>\n<form action=\"\/index.php?rest_route=%2Fwp%2Fv2%2Fpages%2F302#wpcf7-f201-o1\" method=\"post\" class=\"wpcf7-form init\" aria-label=\"Formul\u00e1rios de contato\" novalidate=\"novalidate\" data-status=\"init\">\n<div style=\"display: none;\">\n<input type=\"hidden\" name=\"_wpcf7\" value=\"201\" \/>\n<input type=\"hidden\" name=\"_wpcf7_version\" value=\"6.0\" \/>\n<input type=\"hidden\" name=\"_wpcf7_locale\" value=\"pt_BR\" \/>\n<input type=\"hidden\" name=\"_wpcf7_unit_tag\" value=\"wpcf7-f201-o1\" \/>\n<input type=\"hidden\" name=\"_wpcf7_container_post\" value=\"0\" \/>\n<input type=\"hidden\" name=\"_wpcf7_posted_data_hash\" value=\"\" \/>\n<\/div>\n<p><label> Seu nome<br \/>\n<span class=\"wpcf7-form-control-wrap\" data-name=\"your-name\"><input size=\"40\" maxlength=\"400\" class=\"wpcf7-form-control wpcf7-text wpcf7-validates-as-required\" autocomplete=\"name\" aria-required=\"true\" aria-invalid=\"false\" value=\"\" type=\"text\" name=\"your-name\" \/><\/span> <\/label>\n<\/p>\n<p><label> Seu e-mail<br \/>\n<span class=\"wpcf7-form-control-wrap\" data-name=\"your-email\"><input size=\"40\" maxlength=\"400\" class=\"wpcf7-form-control wpcf7-email wpcf7-validates-as-required wpcf7-text wpcf7-validates-as-email\" autocomplete=\"email\" aria-required=\"true\" aria-invalid=\"false\" value=\"\" type=\"email\" name=\"your-email\" \/><\/span> <\/label>\n<\/p>\n<p><label> Assunto<br \/>\n<span class=\"wpcf7-form-control-wrap\" data-name=\"your-subject\"><input size=\"40\" maxlength=\"400\" class=\"wpcf7-form-control wpcf7-text wpcf7-validates-as-required\" aria-required=\"true\" aria-invalid=\"false\" value=\"\" type=\"text\" name=\"your-subject\" \/><\/span> <\/label>\n<\/p>\n<p><label> Sua mensagem (opcional)<br \/>\n<span class=\"wpcf7-form-control-wrap\" data-name=\"your-message\"><textarea cols=\"40\" rows=\"10\" maxlength=\"2000\" class=\"wpcf7-form-control wpcf7-textarea\" aria-invalid=\"false\" name=\"your-message\"><\/textarea><\/span> <\/label>\n<\/p>\n<p><input class=\"wpcf7-form-control wpcf7-submit has-spinner\" type=\"submit\" value=\"Enviar\" \/>\n<\/p><div class=\"wpcf7-response-output\" aria-hidden=\"true\"><\/div>\n<\/form>\n<\/div>\n<\/div>\n\n\n\n<p>Na HB Sports, a sua satisfa\u00e7\u00e3o \u00e9 prioridade. Estamos sempre \u00e0 disposi\u00e7\u00e3o para atender voc\u00ea! \ud83d\udcbb\u2728<\/p>\n","protected":false},"excerpt":{"rendered":"<p>\ud83d\udcf2&nbsp;Fale Conosco pelo WhatsApp! Quer saber mais sobre nossas modalidades, hor\u00e1rios ou promo\u00e7\u00f5es? Estamos prontos para atender voc\u00ea! Mande uma mensagem no WhatsApp e tire todas as suas d\u00favidas de forma r\u00e1pida e pr\u00e1tica. \ud83d\udcde&nbsp;Entre em Contato com a HB Sports! Nossa equipe est\u00e1 pronta para ajudar voc\u00ea! Ligue para n\u00f3s e obtenha todas as&hellip;<\/p>\n","protected":false},"author":1,"featured_media":0,"parent":0,"menu_order":0,"comment_status":"closed","ping_status":"closed","template":"","meta":{"_joinchat":[],"footnotes":""},"class_list":["post-302","page","type-page","status-publish","hentry"],"_links":{"self":[{"href":"https:\/\/hbsports.com.br\/index.php?rest_route=\/wp\/v2\/pages\/302","targetHints":{"allow":["GET"]}}],"collection":[{"href":"https:\/\/hbsports.com.br\/index.php?rest_route=\/wp\/v2\/pages"}],"about":[{"href":"https:\/\/hbsports.com.br\/index.php?rest_route=\/wp\/v2\/types\/page"}],"author":[{"embeddable":true,"href":"https:\/\/hbsports.com.br\/index.php?rest_route=\/wp\/v2\/users\/1"}],"replies":[{"embeddable":true,"href":"https:\/\/hbsports.com.br\/index.php?rest_route=%2Fwp%2Fv2%2Fcomments&post=302"}],"version-history":[{"count":9,"href":"https:\/\/hbsports.com.br\/index.php?rest_route=\/wp\/v2\/pages\/302\/revisions"}],"predecessor-version":[{"id":384,"href":"https:\/\/hbsports.com.br\/index.php?rest_route=\/wp\/v2\/pages\/302\/revisions\/384"}],"wp:attachment":[{"href":"https:\/\/hbsports.com.br\/index.php?rest_route=%2Fwp%2Fv2%2Fmedia&parent=302"}],"curies":[{"name":"wp","href":"https:\/\/api.w.org\/{rel}","templated":true}]}}