{"id":25,"date":"2024-03-09T09:48:03","date_gmt":"2024-03-09T12:48:03","guid":{"rendered":"http:\/\/hbsports.com.br\/?page_id=25"},"modified":"2025-01-02T17:07:30","modified_gmt":"2025-01-02T20:07:30","slug":"policia-militar","status":"publish","type":"page","link":"https:\/\/hbsports.com.br\/?page_id=25","title":{"rendered":"Hor\u00e1rios"},"content":{"rendered":"<!-- Erro, o An\u00fancio n\u00e3o est\u00e1 dispon\u00edvel neste momento devido \u00e0s restri\u00e7\u00f5es de agendamento\/geolocaliza\u00e7\u00e3o! -->\n\n\n<div style=\"height:60px\" aria-hidden=\"true\" class=\"wp-block-spacer\"><\/div>\n\n\n\n<figure class=\"wp-block-image size-large is-style-default\"><img loading=\"lazy\" decoding=\"async\" width=\"1024\" height=\"632\" src=\"http:\/\/hbsports.com.br\/wp-content\/uploads\/2024\/12\/Captura-de-Tela-2024-12-03-as-10.26.38-1024x632.png\" alt=\"\" class=\"wp-image-249\" srcset=\"https:\/\/hbsports.com.br\/wp-content\/uploads\/2024\/12\/Captura-de-Tela-2024-12-03-as-10.26.38-1024x632.png 1024w, https:\/\/hbsports.com.br\/wp-content\/uploads\/2024\/12\/Captura-de-Tela-2024-12-03-as-10.26.38-300x185.png 300w, https:\/\/hbsports.com.br\/wp-content\/uploads\/2024\/12\/Captura-de-Tela-2024-12-03-as-10.26.38-768x474.png 768w, https:\/\/hbsports.com.br\/wp-content\/uploads\/2024\/12\/Captura-de-Tela-2024-12-03-as-10.26.38.png 1253w\" sizes=\"auto, (max-width: 1024px) 100vw, 1024px\" \/><\/figure>\n\n\n<div class=\"wp-block-image\">\n<figure class=\"alignright size-full is-resized\"><a href=\"http:\/\/hbsports.com.br\"><img loading=\"lazy\" decoding=\"async\" width=\"512\" height=\"512\" src=\"http:\/\/hbsports.com.br\/wp-content\/uploads\/2024\/12\/5698153.png\" alt=\"\" class=\"wp-image-289\" style=\"width:53px;height:auto\" srcset=\"https:\/\/hbsports.com.br\/wp-content\/uploads\/2024\/12\/5698153.png 512w, https:\/\/hbsports.com.br\/wp-content\/uploads\/2024\/12\/5698153-300x300.png 300w, https:\/\/hbsports.com.br\/wp-content\/uploads\/2024\/12\/5698153-150x150.png 150w\" sizes=\"auto, (max-width: 512px) 100vw, 512px\" \/><\/a><\/figure>\n<\/div>","protected":false},"excerpt":{"rendered":"","protected":false},"author":1,"featured_media":0,"parent":0,"menu_order":0,"comment_status":"closed","ping_status":"closed","template":"","meta":{"_joinchat":[],"footnotes":""},"class_list":["post-25","page","type-page","status-publish","hentry"],"_links":{"self":[{"href":"https:\/\/hbsports.com.br\/index.php?rest_route=\/wp\/v2\/pages\/25","targetHints":{"allow":["GET"]}}],"collection":[{"href":"https:\/\/hbsports.com.br\/index.php?rest_route=\/wp\/v2\/pages"}],"about":[{"href":"https:\/\/hbsports.com.br\/index.php?rest_route=\/wp\/v2\/types\/page"}],"author":[{"embeddable":true,"href":"https:\/\/hbsports.com.br\/index.php?rest_route=\/wp\/v2\/users\/1"}],"replies":[{"embeddable":true,"href":"https:\/\/hbsports.com.br\/index.php?rest_route=%2Fwp%2Fv2%2Fcomments&post=25"}],"version-history":[{"count":6,"href":"https:\/\/hbsports.com.br\/index.php?rest_route=\/wp\/v2\/pages\/25\/revisions"}],"predecessor-version":[{"id":385,"href":"https:\/\/hbsports.com.br\/index.php?rest_route=\/wp\/v2\/pages\/25\/revisions\/385"}],"wp:attachment":[{"href":"https:\/\/hbsports.com.br\/index.php?rest_route=%2Fwp%2Fv2%2Fmedia&parent=25"}],"curies":[{"name":"wp","href":"https:\/\/api.w.org\/{rel}","templated":true}]}}