{"id":241,"date":"2024-12-03T09:56:44","date_gmt":"2024-12-03T12:56:44","guid":{"rendered":"http:\/\/hbsports.com.br\/?page_id=241"},"modified":"2025-01-02T17:05:42","modified_gmt":"2025-01-02T20:05:42","slug":"avaliacao-fisica","status":"publish","type":"page","link":"https:\/\/hbsports.com.br\/?page_id=241","title":{"rendered":"Avalia\u00e7\u00e3o F\u00edsica"},"content":{"rendered":"<!-- Erro, o An\u00fancio n\u00e3o est\u00e1 dispon\u00edvel neste momento devido \u00e0s restri\u00e7\u00f5es de agendamento\/geolocaliza\u00e7\u00e3o! -->\n\n\n<div style=\"height:60px\" aria-hidden=\"true\" class=\"wp-block-spacer\"><\/div>\n\n\n\n<div class=\"wp-block-media-text is-stacked-on-mobile\"><figure class=\"wp-block-media-text__media\"><img loading=\"lazy\" decoding=\"async\" width=\"740\" height=\"495\" src=\"http:\/\/hbsports.com.br\/wp-content\/uploads\/2024\/11\/avaliacao-fisica-o-primeiro-passo-para-se-relacionar-bem-com-seu-cliente-740x495-1.jpg\" alt=\"\" class=\"wp-image-215 size-full\" srcset=\"https:\/\/hbsports.com.br\/wp-content\/uploads\/2024\/11\/avaliacao-fisica-o-primeiro-passo-para-se-relacionar-bem-com-seu-cliente-740x495-1.jpg 740w, https:\/\/hbsports.com.br\/wp-content\/uploads\/2024\/11\/avaliacao-fisica-o-primeiro-passo-para-se-relacionar-bem-com-seu-cliente-740x495-1-300x201.jpg 300w\" sizes=\"auto, (max-width: 740px) 100vw, 740px\" \/><\/figure><div class=\"wp-block-media-text__content\">\n<h2 class=\"wp-block-heading has-white-color has-luminous-vivid-orange-background-color has-text-color has-background has-link-color wp-elements-5b927f38185211c1f3644028aa2e65f2\">Agende sua avalia\u00e7\u00e3o f\u00edsica<\/h2>\n\n\n\n<div class=\"wp-block-contact-form-7-contact-form-selector\">\n<div class=\"wpcf7 no-js\" id=\"wpcf7-f223-o1\" lang=\"pt-BR\" dir=\"ltr\" data-wpcf7-id=\"223\">\n<div class=\"screen-reader-response\"><p role=\"status\" aria-live=\"polite\" aria-atomic=\"true\"><\/p> <ul><\/ul><\/div>\n<form action=\"\/index.php?rest_route=%2Fwp%2Fv2%2Fpages%2F241#wpcf7-f223-o1\" method=\"post\" class=\"wpcf7-form init\" aria-label=\"Formul\u00e1rios de contato\" novalidate=\"novalidate\" data-status=\"init\">\n<div style=\"display: none;\">\n<input type=\"hidden\" name=\"_wpcf7\" value=\"223\" \/>\n<input type=\"hidden\" name=\"_wpcf7_version\" value=\"6.0\" \/>\n<input type=\"hidden\" name=\"_wpcf7_locale\" value=\"pt_BR\" \/>\n<input type=\"hidden\" name=\"_wpcf7_unit_tag\" value=\"wpcf7-f223-o1\" \/>\n<input type=\"hidden\" name=\"_wpcf7_container_post\" value=\"0\" \/>\n<input type=\"hidden\" name=\"_wpcf7_posted_data_hash\" value=\"\" \/>\n<\/div>\n<p><label> Seu nome<br \/>\n<span class=\"wpcf7-form-control-wrap\" data-name=\"your-name\"><input size=\"40\" maxlength=\"400\" class=\"wpcf7-form-control wpcf7-text wpcf7-validates-as-required\" autocomplete=\"name\" aria-required=\"true\" aria-invalid=\"false\" value=\"\" type=\"text\" name=\"your-name\" \/><\/span> <\/label>\n<\/p>\n<p><label> Seu e-mail<br \/>\n<span class=\"wpcf7-form-control-wrap\" data-name=\"your-email\"><input size=\"40\" maxlength=\"400\" class=\"wpcf7-form-control wpcf7-email wpcf7-validates-as-required wpcf7-text wpcf7-validates-as-email\" autocomplete=\"email\" aria-required=\"true\" aria-invalid=\"false\" value=\"\" type=\"email\" name=\"your-email\" \/><\/span> <\/label>\n<\/p>\n<p><label> Assunto<br \/>\n<span class=\"wpcf7-form-control-wrap\" data-name=\"your-subject\"><input size=\"40\" maxlength=\"400\" class=\"wpcf7-form-control wpcf7-text wpcf7-validates-as-required\" aria-required=\"true\" aria-invalid=\"false\" value=\"\" type=\"text\" name=\"your-subject\" \/><\/span> <\/label>\n<\/p>\n<p><label> Escolha seu avaliador<br \/>\n<span class=\"wpcf7-form-control-wrap\" data-name=\"select-364\"><select class=\"wpcf7-form-control wpcf7-select\" aria-invalid=\"false\" name=\"select-364\"><option value=\"Profa. Rebeca d\u00e0s 12:30 at\u00e9 15:30\">Profa. Rebeca d\u00e0s 12:30 at\u00e9 15:30<\/option><option value=\"Prof. Richard d\u00e0s 16:30 at\u00e9 19:30\">Prof. Richard d\u00e0s 16:30 at\u00e9 19:30<\/option><\/select><\/span> <\/label>\n<\/p>\n<p><input class=\"wpcf7-form-control wpcf7-submit has-spinner\" type=\"submit\" value=\"Enviar\" \/>\n<\/p><div class=\"wpcf7-response-output\" aria-hidden=\"true\"><\/div>\n<\/form>\n<\/div>\n<\/div>\n<\/div><\/div>\n\n\n<div class=\"wp-block-image\">\n<figure class=\"alignright size-full is-resized\"><a href=\"http:\/\/hbsports.com.br\"><img loading=\"lazy\" decoding=\"async\" width=\"512\" height=\"512\" src=\"http:\/\/hbsports.com.br\/wp-content\/uploads\/2024\/12\/5698153.png\" alt=\"\" class=\"wp-image-289\" style=\"width:53px;height:auto\" srcset=\"https:\/\/hbsports.com.br\/wp-content\/uploads\/2024\/12\/5698153.png 512w, https:\/\/hbsports.com.br\/wp-content\/uploads\/2024\/12\/5698153-300x300.png 300w, https:\/\/hbsports.com.br\/wp-content\/uploads\/2024\/12\/5698153-150x150.png 150w\" sizes=\"auto, (max-width: 512px) 100vw, 512px\" \/><\/a><\/figure>\n<\/div>","protected":false},"excerpt":{"rendered":"","protected":false},"author":1,"featured_media":0,"parent":0,"menu_order":0,"comment_status":"closed","ping_status":"closed","template":"","meta":{"_joinchat":[],"footnotes":""},"class_list":["post-241","page","type-page","status-publish","hentry"],"_links":{"self":[{"href":"https:\/\/hbsports.com.br\/index.php?rest_route=\/wp\/v2\/pages\/241","targetHints":{"allow":["GET"]}}],"collection":[{"href":"https:\/\/hbsports.com.br\/index.php?rest_route=\/wp\/v2\/pages"}],"about":[{"href":"https:\/\/hbsports.com.br\/index.php?rest_route=\/wp\/v2\/types\/page"}],"author":[{"embeddable":true,"href":"https:\/\/hbsports.com.br\/index.php?rest_route=\/wp\/v2\/users\/1"}],"replies":[{"embeddable":true,"href":"https:\/\/hbsports.com.br\/index.php?rest_route=%2Fwp%2Fv2%2Fcomments&post=241"}],"version-history":[{"count":4,"href":"https:\/\/hbsports.com.br\/index.php?rest_route=\/wp\/v2\/pages\/241\/revisions"}],"predecessor-version":[{"id":381,"href":"https:\/\/hbsports.com.br\/index.php?rest_route=\/wp\/v2\/pages\/241\/revisions\/381"}],"wp:attachment":[{"href":"https:\/\/hbsports.com.br\/index.php?rest_route=%2Fwp%2Fv2%2Fmedia&parent=241"}],"curies":[{"name":"wp","href":"https:\/\/api.w.org\/{rel}","templated":true}]}}