{"id":236,"date":"2024-12-03T09:52:15","date_gmt":"2024-12-03T12:52:15","guid":{"rendered":"http:\/\/hbsports.com.br\/?page_id=236"},"modified":"2024-12-27T23:35:25","modified_gmt":"2024-12-28T02:35:25","slug":"aula-experimental","status":"publish","type":"page","link":"https:\/\/hbsports.com.br\/?page_id=236","title":{"rendered":""},"content":{"rendered":"<!-- Erro, o An\u00fancio n\u00e3o est\u00e1 dispon\u00edvel neste momento devido \u00e0s restri\u00e7\u00f5es de agendamento\/geolocaliza\u00e7\u00e3o! -->\n\n\n<div style=\"height:100px\" aria-hidden=\"true\" class=\"wp-block-spacer\"><\/div>\n\n\n\n<p class=\"has-black-color has-text-color has-link-color wp-elements-9b3dc8c6480237aad1349783605f1d27\"><strong>Aula Experimental <\/strong><\/p>\n\n\n\n<div class=\"wp-block-media-text is-stacked-on-mobile\"><figure class=\"wp-block-media-text__media\"><img loading=\"lazy\" decoding=\"async\" width=\"729\" height=\"741\" src=\"http:\/\/hbsports.com.br\/wp-content\/uploads\/2024\/07\/Captura-de-Tela-2024-07-22-as-15.37.38.png\" alt=\"\" class=\"wp-image-108 size-full\" srcset=\"https:\/\/hbsports.com.br\/wp-content\/uploads\/2024\/07\/Captura-de-Tela-2024-07-22-as-15.37.38.png 729w, https:\/\/hbsports.com.br\/wp-content\/uploads\/2024\/07\/Captura-de-Tela-2024-07-22-as-15.37.38-295x300.png 295w\" sizes=\"auto, (max-width: 729px) 100vw, 729px\" \/><\/figure><div class=\"wp-block-media-text__content\">\n<h2 class=\"wp-block-heading has-white-color has-luminous-vivid-orange-background-color has-text-color has-background has-link-color wp-elements-d4429c84d4fa6c994f9ba9a1a5bcd864\"><strong>Agenda agora sua aula experimental<\/strong><\/h2>\n\n\n\n<div class=\"wp-block-contact-form-7-contact-form-selector\">\n<div class=\"wpcf7 no-js\" id=\"wpcf7-f222-o1\" lang=\"pt-BR\" dir=\"ltr\" data-wpcf7-id=\"222\">\n<div class=\"screen-reader-response\"><p role=\"status\" aria-live=\"polite\" aria-atomic=\"true\"><\/p> <ul><\/ul><\/div>\n<form action=\"\/index.php?rest_route=%2Fwp%2Fv2%2Fpages%2F236#wpcf7-f222-o1\" method=\"post\" class=\"wpcf7-form init\" aria-label=\"Formul\u00e1rios de contato\" novalidate=\"novalidate\" data-status=\"init\">\n<div style=\"display: none;\">\n<input type=\"hidden\" name=\"_wpcf7\" value=\"222\" \/>\n<input type=\"hidden\" name=\"_wpcf7_version\" value=\"6.0\" \/>\n<input type=\"hidden\" name=\"_wpcf7_locale\" value=\"pt_BR\" \/>\n<input type=\"hidden\" name=\"_wpcf7_unit_tag\" value=\"wpcf7-f222-o1\" \/>\n<input type=\"hidden\" name=\"_wpcf7_container_post\" value=\"0\" \/>\n<input type=\"hidden\" name=\"_wpcf7_posted_data_hash\" value=\"\" \/>\n<\/div>\n<p><label> Seu nome<br \/>\n<span class=\"wpcf7-form-control-wrap\" data-name=\"your-name\"><input size=\"40\" maxlength=\"400\" class=\"wpcf7-form-control wpcf7-text wpcf7-validates-as-required\" autocomplete=\"name\" aria-required=\"true\" aria-invalid=\"false\" value=\"\" type=\"text\" name=\"your-name\" \/><\/span> <\/label>\n<\/p>\n<p><label> Seu e-mail<br \/>\n<span class=\"wpcf7-form-control-wrap\" data-name=\"your-email\"><input size=\"40\" maxlength=\"400\" class=\"wpcf7-form-control wpcf7-email wpcf7-validates-as-required wpcf7-text wpcf7-validates-as-email\" autocomplete=\"email\" aria-required=\"true\" aria-invalid=\"false\" value=\"\" type=\"email\" name=\"your-email\" \/><\/span> <\/label>\n<\/p>\n<p><label> Escolha a aula que quer fazer gratuitamente<br \/>\n<span class=\"wpcf7-form-control-wrap\" data-name=\"select-81\"><select class=\"wpcf7-form-control wpcf7-select\" aria-invalid=\"false\" name=\"select-81\"><option value=\"Hiit+ABS\">Hiit+ABS<\/option><option value=\"Pilates\">Pilates<\/option><option value=\"Boxe\">Boxe<\/option><option value=\"Jiu Jtsu Kids\">Jiu Jtsu Kids<\/option><option value=\"Jump\">Jump<\/option><option value=\"Muay Thai\">Muay Thai<\/option><option value=\"Zumba\">Zumba<\/option><option value=\"Cross Training\">Cross Training<\/option><option value=\"Localizada\">Localizada<\/option><option value=\"Fit Dance\">Fit Dance<\/option><option value=\"Jiu Jtsu\">Jiu Jtsu<\/option><option value=\"Zumba e Ritmos\">Zumba e Ritmos<\/option><option value=\"Cardio\">Cardio<\/option><option value=\"Aula de Gin\u00e1stica\">Aula de Gin\u00e1stica<\/option><\/select><\/span> <\/label>\n<\/p>\n<p><input class=\"wpcf7-form-control wpcf7-submit has-spinner\" type=\"submit\" value=\"Enviar\" \/>\n<\/p><div class=\"wpcf7-response-output\" aria-hidden=\"true\"><\/div>\n<\/form>\n<\/div>\n<\/div>\n<\/div><\/div>\n\n\n<div class=\"wp-block-image\">\n<figure class=\"alignright size-full is-resized\"><a href=\"http:\/\/hbsports.com.br\"><img loading=\"lazy\" decoding=\"async\" width=\"512\" height=\"512\" src=\"http:\/\/hbsports.com.br\/wp-content\/uploads\/2024\/12\/5698153.png\" alt=\"\" class=\"wp-image-289\" style=\"width:53px;height:auto\" srcset=\"https:\/\/hbsports.com.br\/wp-content\/uploads\/2024\/12\/5698153.png 512w, https:\/\/hbsports.com.br\/wp-content\/uploads\/2024\/12\/5698153-300x300.png 300w, https:\/\/hbsports.com.br\/wp-content\/uploads\/2024\/12\/5698153-150x150.png 150w\" sizes=\"auto, (max-width: 512px) 100vw, 512px\" \/><\/a><\/figure>\n<\/div>\n\n\n<p><\/p>\n","protected":false},"excerpt":{"rendered":"<p>Aula Experimental<\/p>\n","protected":false},"author":1,"featured_media":0,"parent":0,"menu_order":0,"comment_status":"closed","ping_status":"closed","template":"","meta":{"_joinchat":[],"footnotes":""},"class_list":["post-236","page","type-page","status-publish","hentry"],"_links":{"self":[{"href":"https:\/\/hbsports.com.br\/index.php?rest_route=\/wp\/v2\/pages\/236","targetHints":{"allow":["GET"]}}],"collection":[{"href":"https:\/\/hbsports.com.br\/index.php?rest_route=\/wp\/v2\/pages"}],"about":[{"href":"https:\/\/hbsports.com.br\/index.php?rest_route=\/wp\/v2\/types\/page"}],"author":[{"embeddable":true,"href":"https:\/\/hbsports.com.br\/index.php?rest_route=\/wp\/v2\/users\/1"}],"replies":[{"embeddable":true,"href":"https:\/\/hbsports.com.br\/index.php?rest_route=%2Fwp%2Fv2%2Fcomments&post=236"}],"version-history":[{"count":9,"href":"https:\/\/hbsports.com.br\/index.php?rest_route=\/wp\/v2\/pages\/236\/revisions"}],"predecessor-version":[{"id":345,"href":"https:\/\/hbsports.com.br\/index.php?rest_route=\/wp\/v2\/pages\/236\/revisions\/345"}],"wp:attachment":[{"href":"https:\/\/hbsports.com.br\/index.php?rest_route=%2Fwp%2Fv2%2Fmedia&parent=236"}],"curies":[{"name":"wp","href":"https:\/\/api.w.org\/{rel}","templated":true}]}}