{"id":196,"date":"2024-11-25T11:08:27","date_gmt":"2024-11-25T14:08:27","guid":{"rendered":"http:\/\/hbsports.com.br\/?page_id=196"},"modified":"2024-12-27T23:39:13","modified_gmt":"2024-12-28T02:39:13","slug":"servicos","status":"publish","type":"page","link":"https:\/\/hbsports.com.br\/?page_id=196","title":{"rendered":"Servi\u00e7os"},"content":{"rendered":"<!-- Erro, o An\u00fancio n\u00e3o est\u00e1 dispon\u00edvel neste momento devido \u00e0s restri\u00e7\u00f5es de agendamento\/geolocaliza\u00e7\u00e3o! -->\n\n\n<hr class=\"wp-block-separator has-text-color has-luminous-vivid-orange-color has-alpha-channel-opacity has-luminous-vivid-orange-background-color has-background is-style-wide\"\/>\n\n\n\n<ul class=\"wp-block-list\">\n<li><a href=\"http:\/\/hbsports.com.br\/?page_id=236\">Agendamento de Aula Experimental<\/a><\/li>\n\n\n\n<li><a href=\"http:\/\/hbsports.com.br\/?page_id=241\">Agendamento de Avalia\u00e7\u00e3o F\u00edsica<\/a><\/li>\n<\/ul>\n\n\n<div class=\"wp-block-image\">\n<figure class=\"alignright size-full is-resized\"><a href=\"http:\/\/hbsports.com.br\"><img loading=\"lazy\" decoding=\"async\" width=\"512\" height=\"512\" src=\"http:\/\/hbsports.com.br\/wp-content\/uploads\/2024\/12\/5698153.png\" alt=\"\" class=\"wp-image-289\" style=\"width:53px;height:auto\" srcset=\"https:\/\/hbsports.com.br\/wp-content\/uploads\/2024\/12\/5698153.png 512w, https:\/\/hbsports.com.br\/wp-content\/uploads\/2024\/12\/5698153-300x300.png 300w, https:\/\/hbsports.com.br\/wp-content\/uploads\/2024\/12\/5698153-150x150.png 150w\" sizes=\"auto, (max-width: 512px) 100vw, 512px\" \/><\/a><\/figure>\n<\/div>","protected":false},"excerpt":{"rendered":"","protected":false},"author":1,"featured_media":0,"parent":0,"menu_order":0,"comment_status":"closed","ping_status":"closed","template":"","meta":{"_joinchat":[],"footnotes":""},"class_list":["post-196","page","type-page","status-publish","hentry"],"_links":{"self":[{"href":"https:\/\/hbsports.com.br\/index.php?rest_route=\/wp\/v2\/pages\/196","targetHints":{"allow":["GET"]}}],"collection":[{"href":"https:\/\/hbsports.com.br\/index.php?rest_route=\/wp\/v2\/pages"}],"about":[{"href":"https:\/\/hbsports.com.br\/index.php?rest_route=\/wp\/v2\/types\/page"}],"author":[{"embeddable":true,"href":"https:\/\/hbsports.com.br\/index.php?rest_route=\/wp\/v2\/users\/1"}],"replies":[{"embeddable":true,"href":"https:\/\/hbsports.com.br\/index.php?rest_route=%2Fwp%2Fv2%2Fcomments&post=196"}],"version-history":[{"count":13,"href":"https:\/\/hbsports.com.br\/index.php?rest_route=\/wp\/v2\/pages\/196\/revisions"}],"predecessor-version":[{"id":348,"href":"https:\/\/hbsports.com.br\/index.php?rest_route=\/wp\/v2\/pages\/196\/revisions\/348"}],"wp:attachment":[{"href":"https:\/\/hbsports.com.br\/index.php?rest_route=%2Fwp%2Fv2%2Fmedia&parent=196"}],"curies":[{"name":"wp","href":"https:\/\/api.w.org\/{rel}","templated":true}]}}